{"id":10,"date":"2021-04-29T01:48:19","date_gmt":"2021-04-29T04:48:19","guid":{"rendered":"http:\/\/localhost\/customers\/mmci\/ceape-pe\/wordpress\/?page_id=10"},"modified":"2024-03-13T15:39:39","modified_gmt":"2024-03-13T15:39:39","slug":"conselho-deliberativo-do-ceape-pe","status":"publish","type":"page","link":"https:\/\/ceape-pe.org.br\/home\/conselho-deliberativo-do-ceape-pe\/","title":{"rendered":"Conselho Deliberativo \u2013 Tri\u00eanio 2024\/2027"},"content":{"rendered":"\n<p>Conselho Deliberativo \u2013 Tri\u00eanio 2024\/2027<\/p>\n\n\n\n<p><\/p>\n\n\n\n<p><strong>CONSELHO DIRETOR<\/strong><\/p>\n\n\n\n<p>Eduardo Melo Cat\u00e3o \u2013 Presidente<\/p>\n\n\n\n<p>Jos\u00e9 Almeida de Queiroz\u2013 1\u00b0 Vice-Presidente<\/p>\n\n\n\n<p>Eduardo Jos\u00e9 P. Oliveira \u2013 1\u00b0 Tesoureiro<\/p>\n\n\n\n<p>Alexandre Costa Braga \u2013 1\u00b0 Secret\u00e1rio<\/p>\n\n\n\n<p> Paulo Jos\u00e9 P. Monteiro \u2013 Diretor Institucional e Gest\u00e3o Administrativa<\/p>\n\n\n\n<p><\/p>\n\n\n\n<p class=\"has-medium-font-size\"><strong>CONSELHO FISCAL<\/strong><\/p>\n\n\n\n<p>Frederico Penna Leal<\/p>\n\n\n\n<p>M\u00e1rio Lu\u00eds Barros Mawad<\/p>\n\n\n\n<p>Hugo Alfredo Philippsen<\/p>\n\n\n\n<p><\/p>\n\n\n\n<p><strong>SUPLENTES<\/strong><\/p>\n\n\n\n<p>Raimundo Lopes Pereira<\/p>\n\n\n\n<p>  <\/p>\n","protected":false},"excerpt":{"rendered":"<p>Conselho Deliberativo \u2013 Tri\u00eanio 2024\/2027 CONSELHO DIRETOR Eduardo Melo Cat\u00e3o \u2013 Presidente Jos\u00e9 Almeida de Queiroz\u2013 1\u00b0 Vice-Presidente Eduardo Jos\u00e9 P. Oliveira \u2013 1\u00b0 Tesoureiro Alexandre Costa Braga \u2013 1\u00b0 Secret\u00e1rio Paulo Jos\u00e9 P. Monteiro \u2013 Diretor Institucional e Gest\u00e3o Administrativa CONSELHO FISCAL Frederico Penna Leal M\u00e1rio Lu\u00eds Barros Mawad Hugo Alfredo Philippsen SUPLENTES Raimundo [&hellip;]<\/p>\n","protected":false},"author":1,"featured_media":0,"parent":0,"menu_order":0,"comment_status":"closed","ping_status":"closed","template":"","meta":{"_monsterinsights_skip_tracking":false,"_monsterinsights_sitenote_active":false,"_monsterinsights_sitenote_note":"","_monsterinsights_sitenote_category":0,"footnotes":""},"class_list":["post-10","page","type-page","status-publish","hentry"],"_links":{"self":[{"href":"https:\/\/ceape-pe.org.br\/home\/wp-json\/wp\/v2\/pages\/10","targetHints":{"allow":["GET"]}}],"collection":[{"href":"https:\/\/ceape-pe.org.br\/home\/wp-json\/wp\/v2\/pages"}],"about":[{"href":"https:\/\/ceape-pe.org.br\/home\/wp-json\/wp\/v2\/types\/page"}],"author":[{"embeddable":true,"href":"https:\/\/ceape-pe.org.br\/home\/wp-json\/wp\/v2\/users\/1"}],"replies":[{"embeddable":true,"href":"https:\/\/ceape-pe.org.br\/home\/wp-json\/wp\/v2\/comments?post=10"}],"version-history":[{"count":5,"href":"https:\/\/ceape-pe.org.br\/home\/wp-json\/wp\/v2\/pages\/10\/revisions"}],"predecessor-version":[{"id":182,"href":"https:\/\/ceape-pe.org.br\/home\/wp-json\/wp\/v2\/pages\/10\/revisions\/182"}],"wp:attachment":[{"href":"https:\/\/ceape-pe.org.br\/home\/wp-json\/wp\/v2\/media?parent=10"}],"curies":[{"name":"wp","href":"https:\/\/api.w.org\/{rel}","templated":true}]}}