{"id":25,"date":"2021-04-29T02:08:39","date_gmt":"2021-04-29T05:08:39","guid":{"rendered":"http:\/\/localhost\/customers\/mmci\/ceape-pe\/wordpress\/?page_id=25"},"modified":"2025-01-31T17:54:18","modified_gmt":"2025-01-31T17:54:18","slug":"produtos","status":"publish","type":"page","link":"https:\/\/ceape-pe.org.br\/home\/produtos\/","title":{"rendered":"Produtos"},"content":{"rendered":"\n<p class=\"has-medium-font-size\"><strong>1. CR\u00c9DITO PARA CAPITAL DE GIRO&nbsp;(Empreendedor):<\/strong><\/p>\n\n\n\n<p>I. Limite de cr\u00e9dito: de R$ 1.000,00 at\u00e9 R$ 10.000,00<br>II Prazo de pagamento: at\u00e9 10 vezes.<\/p>\n\n\n\n<p><\/p>\n\n\n\n<p class=\"has-medium-font-size\"><strong>2. CR\u00c9DITO ESPECIAL:<\/strong><\/p>\n\n\n\n<p>I. Limite: de R$ 10.000,00 at\u00e9 R$ 25.000,00<br>II. Prazo: at\u00e9 12 vezes.<\/p>\n\n\n\n<p><\/p>\n\n\n\n<p class=\"has-medium-font-size\"><strong>3. CREDMAIS:<\/strong><\/p>\n\n\n\n<p>I.Limite: de R$ 25.000,00 at\u00e9 R$ 50.000,00<br>II.Prazo: at\u00e9 12 vezes.<\/p>\n\n\n\n<p><\/p>\n\n\n\n<p><\/p>\n","protected":false},"excerpt":{"rendered":"<p>1. CR\u00c9DITO PARA CAPITAL DE GIRO&nbsp;(Empreendedor): I. Limite de cr\u00e9dito: de R$ 1.000,00 at\u00e9 R$ 10.000,00II Prazo de pagamento: at\u00e9 10 vezes. 2. CR\u00c9DITO ESPECIAL: I. Limite: de R$ 10.000,00 at\u00e9 R$ 25.000,00II. Prazo: at\u00e9 12 vezes. 3. CREDMAIS: I.Limite: de R$ 25.000,00 at\u00e9 R$ 50.000,00II.Prazo: at\u00e9 12 vezes.<\/p>\n","protected":false},"author":1,"featured_media":0,"parent":0,"menu_order":0,"comment_status":"closed","ping_status":"closed","template":"","meta":{"_monsterinsights_skip_tracking":false,"_monsterinsights_sitenote_active":false,"_monsterinsights_sitenote_note":"","_monsterinsights_sitenote_category":0,"footnotes":""},"class_list":["post-25","page","type-page","status-publish","hentry"],"_links":{"self":[{"href":"https:\/\/ceape-pe.org.br\/home\/wp-json\/wp\/v2\/pages\/25","targetHints":{"allow":["GET"]}}],"collection":[{"href":"https:\/\/ceape-pe.org.br\/home\/wp-json\/wp\/v2\/pages"}],"about":[{"href":"https:\/\/ceape-pe.org.br\/home\/wp-json\/wp\/v2\/types\/page"}],"author":[{"embeddable":true,"href":"https:\/\/ceape-pe.org.br\/home\/wp-json\/wp\/v2\/users\/1"}],"replies":[{"embeddable":true,"href":"https:\/\/ceape-pe.org.br\/home\/wp-json\/wp\/v2\/comments?post=25"}],"version-history":[{"count":2,"href":"https:\/\/ceape-pe.org.br\/home\/wp-json\/wp\/v2\/pages\/25\/revisions"}],"predecessor-version":[{"id":200,"href":"https:\/\/ceape-pe.org.br\/home\/wp-json\/wp\/v2\/pages\/25\/revisions\/200"}],"wp:attachment":[{"href":"https:\/\/ceape-pe.org.br\/home\/wp-json\/wp\/v2\/media?parent=25"}],"curies":[{"name":"wp","href":"https:\/\/api.w.org\/{rel}","templated":true}]}}