{"id":61,"date":"2021-12-27T16:19:14","date_gmt":"2021-12-27T16:19:14","guid":{"rendered":"http:\/\/ceape-pe.org.br\/home\/?page_id=61"},"modified":"2024-01-22T14:15:38","modified_gmt":"2024-01-22T14:15:38","slug":"cadastro","status":"publish","type":"page","link":"https:\/\/ceape-pe.org.br\/home\/cadastro\/","title":{"rendered":"Cadastro"},"content":{"rendered":"<div class=\"wpforms-container wpforms-container-full\" id=\"wpforms-63\"><form id=\"wpforms-form-63\" class=\"wpforms-validate wpforms-form wpforms-ajax-form\" data-formid=\"63\" method=\"post\" enctype=\"multipart\/form-data\" action=\"\/home\/wp-json\/wp\/v2\/pages\/61\" data-token=\"9c95519d7f7b9c61c586fb5e9b37069f\"><noscript class=\"wpforms-error-noscript\">Please enable JavaScript in your browser to complete this form.<\/noscript><div class=\"wpforms-field-container\"><div id=\"wpforms-63-field_0-container\" class=\"wpforms-field wpforms-field-name\" data-field-id=\"0\"><label class=\"wpforms-field-label\" for=\"wpforms-63-field_0\">Nome <span class=\"wpforms-required-label\">*<\/span><\/label><input type=\"text\" id=\"wpforms-63-field_0\" class=\"wpforms-field-medium wpforms-field-required\" name=\"wpforms[fields][0]\" required><\/div><div id=\"wpforms-63-field_15-container\" class=\"wpforms-field wpforms-field-name\" data-field-id=\"15\"><label class=\"wpforms-field-label\" for=\"wpforms-63-field_15\">CPF ou CNPJ <span class=\"wpforms-required-label\">*<\/span><\/label><input type=\"text\" id=\"wpforms-63-field_15\" class=\"wpforms-field-medium wpforms-field-required\" name=\"wpforms[fields][15]\" required><\/div><div id=\"wpforms-63-field_1-container\" class=\"wpforms-field wpforms-field-email\" data-field-id=\"1\"><label class=\"wpforms-field-label\" for=\"wpforms-63-field_1\">Email <span class=\"wpforms-required-label\">*<\/span><\/label><input type=\"email\" id=\"wpforms-63-field_1\" class=\"wpforms-field-medium wpforms-field-required\" name=\"wpforms[fields][1]\" spellcheck=\"false\" required><\/div><div id=\"wpforms-63-field_5-container\" class=\"wpforms-field wpforms-field-number\" data-field-id=\"5\"><label class=\"wpforms-field-label\" for=\"wpforms-63-field_5\">CEP <span class=\"wpforms-required-label\">*<\/span><\/label><input type=\"number\" pattern=\"\\d*\" id=\"wpforms-63-field_5\" class=\"wpforms-field-medium wpforms-field-required\" name=\"wpforms[fields][5]\" required><\/div><div id=\"wpforms-63-field_6-container\" class=\"wpforms-field wpforms-field-textarea\" data-field-id=\"6\"><label class=\"wpforms-field-label\" for=\"wpforms-63-field_6\">Endere\u00e7o <span class=\"wpforms-required-label\">*<\/span><\/label><textarea id=\"wpforms-63-field_6\" class=\"wpforms-field-medium wpforms-field-required\" name=\"wpforms[fields][6]\" required><\/textarea><\/div><div id=\"wpforms-63-field_7-container\" class=\"wpforms-field wpforms-field-text\" data-field-id=\"7\"><label class=\"wpforms-field-label\" for=\"wpforms-63-field_7\">Bairro <span class=\"wpforms-required-label\">*<\/span><\/label><input type=\"text\" id=\"wpforms-63-field_7\" class=\"wpforms-field-medium wpforms-field-required\" name=\"wpforms[fields][7]\" required><\/div><div id=\"wpforms-63-field_8-container\" class=\"wpforms-field wpforms-field-text\" data-field-id=\"8\"><label class=\"wpforms-field-label\" for=\"wpforms-63-field_8\">Cidade <span class=\"wpforms-required-label\">*<\/span><\/label><input type=\"text\" id=\"wpforms-63-field_8\" class=\"wpforms-field-medium wpforms-field-required\" name=\"wpforms[fields][8]\" required><\/div><div id=\"wpforms-63-field_9-container\" class=\"wpforms-field wpforms-field-text\" data-field-id=\"9\"><label class=\"wpforms-field-label\" for=\"wpforms-63-field_9\">Estado <span class=\"wpforms-required-label\">*<\/span><\/label><input type=\"text\" id=\"wpforms-63-field_9\" class=\"wpforms-field-medium wpforms-field-required\" name=\"wpforms[fields][9]\" required><\/div><div id=\"wpforms-63-field_10-container\" class=\"wpforms-field wpforms-field-text\" data-field-id=\"10\"><label class=\"wpforms-field-label\" for=\"wpforms-63-field_10\">Setor  <span class=\"wpforms-required-label\">*<\/span><\/label><input type=\"text\" id=\"wpforms-63-field_10\" class=\"wpforms-field-medium wpforms-field-required\" name=\"wpforms[fields][10]\" required><div class=\"wpforms-field-description\">Com\u00e9rcio - Produ\u00e7\u00e3o- Servi\u00e7o<\/div><\/div><div id=\"wpforms-63-field_11-container\" class=\"wpforms-field wpforms-field-text\" data-field-id=\"11\"><label class=\"wpforms-field-label\" for=\"wpforms-63-field_11\">Tipo de Atividade <span class=\"wpforms-required-label\">*<\/span><\/label><input type=\"text\" id=\"wpforms-63-field_11\" class=\"wpforms-field-medium wpforms-field-required\" name=\"wpforms[fields][11]\" required><div class=\"wpforms-field-description\">Exemplo - Padaria, Lojas de Roupas, Produ\u00e7\u00e3o de bolsas. Bar, Restaurante ,etc.<\/div><\/div><div id=\"wpforms-63-field_12-container\" class=\"wpforms-field wpforms-field-text\" data-field-id=\"12\"><label class=\"wpforms-field-label\" for=\"wpforms-63-field_12\">Telefone Fixo<\/label><input type=\"text\" id=\"wpforms-63-field_12\" class=\"wpforms-field-medium\" name=\"wpforms[fields][12]\" ><\/div><div id=\"wpforms-63-field_13-container\" class=\"wpforms-field wpforms-field-text\" data-field-id=\"13\"><label class=\"wpforms-field-label\" for=\"wpforms-63-field_13\">Telefone Celular - Whatsapp <span class=\"wpforms-required-label\">*<\/span><\/label><input type=\"text\" id=\"wpforms-63-field_13\" class=\"wpforms-field-medium wpforms-field-required\" name=\"wpforms[fields][13]\" required><\/div><div id=\"wpforms-63-field_14-container\" class=\"wpforms-field wpforms-field-text\" data-field-id=\"14\"><label class=\"wpforms-field-label\" for=\"wpforms-63-field_14\">Valor do Capital de Giro desejado <span class=\"wpforms-required-label\">*<\/span><\/label><input type=\"text\" id=\"wpforms-63-field_14\" class=\"wpforms-field-medium wpforms-field-required\" name=\"wpforms[fields][14]\" required><\/div><\/div><!-- .wpforms-field-container --><div class=\"wpforms-submit-container\" ><input type=\"hidden\" name=\"wpforms[id]\" value=\"63\"><input type=\"hidden\" name=\"wpforms[author]\" value=\"1\"><button type=\"submit\" name=\"wpforms[submit]\" id=\"wpforms-submit-63\" class=\"wpforms-submit\" data-alt-text=\"Enviando\" data-submit-text=\"Enviar\" aria-live=\"assertive\" value=\"wpforms-submit\">Enviar<\/button><img loading=\"lazy\" decoding=\"async\" src=\"https:\/\/ceape-pe.org.br\/home\/wp-content\/plugins\/wpforms-lite\/assets\/images\/submit-spin.svg\" class=\"wpforms-submit-spinner\" style=\"display: none;\" width=\"26\" height=\"26\" alt=\"Loading\"><\/div><\/form><\/div>  <!-- .wpforms-container -->\n<p>Ao preencher os dados acima e enviar meus dados para analise de cr\u00e9dito, estou de acordo com a politica de privacidade de dados do CEAPE-PE, dispon\u00edvel neste <a href=\"https:\/\/ceape-pe.org.br\/home\/wp-content\/uploads\/2024\/01\/Aviso-Privacidade-.pdf\" target=\"_blank\" rel=\"noopener\">LINK.<\/a><\/p>\n","protected":false},"excerpt":{"rendered":"<p>Ao preencher os dados acima e enviar meus dados para analise de cr\u00e9dito, estou de acordo com a politica de privacidade de dados do CEAPE-PE, dispon\u00edvel neste LINK.<\/p>\n","protected":false},"author":1,"featured_media":0,"parent":0,"menu_order":0,"comment_status":"closed","ping_status":"closed","template":"","meta":{"_monsterinsights_skip_tracking":false,"_monsterinsights_sitenote_active":false,"_monsterinsights_sitenote_note":"","_monsterinsights_sitenote_category":0,"footnotes":""},"class_list":["post-61","page","type-page","status-publish","hentry"],"_links":{"self":[{"href":"https:\/\/ceape-pe.org.br\/home\/wp-json\/wp\/v2\/pages\/61","targetHints":{"allow":["GET"]}}],"collection":[{"href":"https:\/\/ceape-pe.org.br\/home\/wp-json\/wp\/v2\/pages"}],"about":[{"href":"https:\/\/ceape-pe.org.br\/home\/wp-json\/wp\/v2\/types\/page"}],"author":[{"embeddable":true,"href":"https:\/\/ceape-pe.org.br\/home\/wp-json\/wp\/v2\/users\/1"}],"replies":[{"embeddable":true,"href":"https:\/\/ceape-pe.org.br\/home\/wp-json\/wp\/v2\/comments?post=61"}],"version-history":[{"count":5,"href":"https:\/\/ceape-pe.org.br\/home\/wp-json\/wp\/v2\/pages\/61\/revisions"}],"predecessor-version":[{"id":174,"href":"https:\/\/ceape-pe.org.br\/home\/wp-json\/wp\/v2\/pages\/61\/revisions\/174"}],"wp:attachment":[{"href":"https:\/\/ceape-pe.org.br\/home\/wp-json\/wp\/v2\/media?parent=61"}],"curies":[{"name":"wp","href":"https:\/\/api.w.org\/{rel}","templated":true}]}}