{"id":96,"date":"2022-01-21T19:15:23","date_gmt":"2022-01-21T19:15:23","guid":{"rendered":"http:\/\/ceape-pe.org.br\/home\/?page_id=96"},"modified":"2022-01-28T15:00:14","modified_gmt":"2022-01-28T15:00:14","slug":"documentos","status":"publish","type":"page","link":"https:\/\/ceape-pe.org.br\/home\/documentos\/","title":{"rendered":"Documentos"},"content":{"rendered":"\n<p>           Ao comemorar os quinze anos do Centro de Apoio aos Pequenos Empreendimentos de Pernambuco (CEAPE\u2013PE), seus dirigentes quiseram compartilhar com voc\u00ea, cliente, empres\u00e1rio, t\u00e9cnico, estudioso ou apenas curioso da hist\u00f3ria dessa institui\u00e7\u00e3o pernambucana, a \u201cbiografia\u201d de um trabalho social pioneiro, cujo maior sonho foi, e continua sendo, contribuir para um desenvolvimento social mais justo e mais solid\u00e1rio do Estado de Pernambuco.<\/p>\n\n\n\n<p><\/p>\n\n\n\n<p><strong>Confira abaixo o livro e vers\u00f5es traduzidas para o ingl\u00eas e espanhol:<\/strong><\/p>\n\n\n\n<p><a href=\"https:\/\/ceape-pe.org.br\/home\/wp-content\/uploads\/2022\/01\/CEAPE-15-anos-Livro.pdf\">Livro Ceape 15 anos<\/a><\/p>\n\n\n\n<p><a href=\"https:\/\/ceape-pe.org.br\/home\/wp-content\/uploads\/2022\/01\/CEAPE-Espanhol.pdf\">Livro Ceape 15 anos (Espanhol)<\/a><br><a href=\"https:\/\/ceape-pe.org.br\/home\/wp-content\/uploads\/2022\/01\/CEAPE-Ingles.pdf\">Livro Ceape 15 anos (Ingl\u00eas)<\/a><\/p>\n\n\n\n<p><\/p>\n\n\n\n<p>         Diante dos desafios atuais, o CEAPE\/PE, em parceria com o SEBRAE\/PE e o Instituto Fecom\u00e9rcio, realizou o &#8220;Estudo do Perfil do Microempreendedor Atendido pelo CEAPE em Pernambuco&#8221; por meio de cruzamento de dados extra\u00eddos atrav\u00e9s do banco elaborado pela pr\u00f3pria institui\u00e7\u00e3o que \u00e9 pioneira no Brasil em microcr\u00e9dito. Esta an\u00e1lise busca fornecer um panorama atual das caracter\u00edsticas sociais e empreendedora dos microempres\u00e1rios e contribuir com informa\u00e7\u00f5es importantes para o desenvolvimento do setor de micro finan\u00e7as em nosso estado, al\u00e9m de avaliar os principais impactos positivos que os tomadores de cr\u00e9dito da institui\u00e7\u00e3o  passaram nesses \u00faltimos anos, podendo confirmar assim que o setor \u00e9 uma das importantes ferramentas para combate \u00e0 pobreza.<br><br><strong>Confira abaixo o estudo na \u00edntegra:<\/strong><\/p>\n\n\n\n<p><a href=\"https:\/\/ceape-pe.org.br\/home\/wp-content\/uploads\/2022\/01\/Estudo-do-Perfil-do-Microempreendedor-CEAPE-PE.pdf\">Estudo do Perfil do Microempreendedor atendido pelo Ceape<\/a><\/p>\n","protected":false},"excerpt":{"rendered":"<p>Ao comemorar os quinze anos do Centro de Apoio aos Pequenos Empreendimentos de Pernambuco (CEAPE\u2013PE), seus dirigentes quiseram compartilhar com voc\u00ea, cliente, empres\u00e1rio, t\u00e9cnico, estudioso ou apenas curioso da hist\u00f3ria dessa institui\u00e7\u00e3o pernambucana, a \u201cbiografia\u201d de um trabalho social pioneiro, cujo maior sonho foi, e continua sendo, contribuir para um desenvolvimento social mais justo e [&hellip;]<\/p>\n","protected":false},"author":1,"featured_media":0,"parent":0,"menu_order":0,"comment_status":"closed","ping_status":"closed","template":"","meta":{"_monsterinsights_skip_tracking":false,"_monsterinsights_sitenote_active":false,"_monsterinsights_sitenote_note":"","_monsterinsights_sitenote_category":0,"footnotes":""},"class_list":["post-96","page","type-page","status-publish","hentry"],"_links":{"self":[{"href":"https:\/\/ceape-pe.org.br\/home\/wp-json\/wp\/v2\/pages\/96","targetHints":{"allow":["GET"]}}],"collection":[{"href":"https:\/\/ceape-pe.org.br\/home\/wp-json\/wp\/v2\/pages"}],"about":[{"href":"https:\/\/ceape-pe.org.br\/home\/wp-json\/wp\/v2\/types\/page"}],"author":[{"embeddable":true,"href":"https:\/\/ceape-pe.org.br\/home\/wp-json\/wp\/v2\/users\/1"}],"replies":[{"embeddable":true,"href":"https:\/\/ceape-pe.org.br\/home\/wp-json\/wp\/v2\/comments?post=96"}],"version-history":[{"count":10,"href":"https:\/\/ceape-pe.org.br\/home\/wp-json\/wp\/v2\/pages\/96\/revisions"}],"predecessor-version":[{"id":110,"href":"https:\/\/ceape-pe.org.br\/home\/wp-json\/wp\/v2\/pages\/96\/revisions\/110"}],"wp:attachment":[{"href":"https:\/\/ceape-pe.org.br\/home\/wp-json\/wp\/v2\/media?parent=96"}],"curies":[{"name":"wp","href":"https:\/\/api.w.org\/{rel}","templated":true}]}}